{"id":5,"date":"2024-01-24T16:29:20","date_gmt":"2024-01-24T15:29:20","guid":{"rendered":"http:\/\/www.magnezik-radio.com\/?page_id=5"},"modified":"2024-10-21T17:03:43","modified_gmt":"2024-10-21T15:03:43","slug":"accueil","status":"publish","type":"page","link":"https:\/\/www.magnezik-radio.com\/","title":{"rendered":"Accueil"},"content":{"rendered":"<section class=\"l-section wpb_row height_auto width_full\" id=\"accueil\"><div class=\"l-section-h i-cf\"><div class=\"g-cols vc_row via_flex valign_top type_default stacking_default\"><div class=\"vc_col-sm-12 wpb_column vc_column_container\"><div class=\"vc_column-inner\"><div class=\"wpb_wrapper\">[rev_slider_vc alias=\u00a0\u00bbaccueil\u00a0\u00bb]<\/div><\/div><\/div><\/div><\/div><\/section><section class=\"l-section wpb_row height_large\" id=\"propos\"><div class=\"l-section-h i-cf\"><div class=\"g-cols vc_row via_flex valign_middle type_default stacking_default\"><div class=\"vc_col-sm-6 wpb_column vc_column_container\"><div class=\"vc_column-inner us_custom_8f7b07a9 us_animate_this\"><div class=\"wpb_wrapper\"><div class=\"wpb_text_column\"><div class=\"wpb_wrapper\"><p style=\"text-align: center;\"><iframe loading=\"lazy\" src=\"https:\/\/www.webradio.media\/vestaplayer\/big.php?radio=MagnezikRadio&amp;server=stream.vestaradio.com&amp;fond=de1f26&amp;texte=ffffff&amp;volume=50&amp;visualizertype=0&amp;visualizeropacity=1\" width=\"300\" height=\"360\" frameborder=\"0\" scrolling=\"no\"><span data-mce-type=\"bookmark\" style=\"display: inline-block; width: 0px; overflow: hidden; line-height: 0;\" class=\"mce_SELRES_start\">\ufeff<\/span><\/iframe><\/p>\n<\/div><\/div><\/div><\/div><\/div><div class=\"vc_col-sm-6 wpb_column vc_column_container\"><div class=\"vc_column-inner us_custom_8f7b07a9 us_animate_this\"><div class=\"wpb_wrapper\"><div class=\"g-cols wpb_row via_flex valign_top type_default stacking_default\"><div class=\"vc_col-sm-8 wpb_column vc_column_container\"><div class=\"vc_column-inner\"><div class=\"wpb_wrapper\">[vc_custom_heading text=\u00a0\u00bbQUI SOMMES NOUS?\u00a0\u00bb font_container=\u00a0\u00bbtag:h2|font_size:40px|text_align:left|color:%23de1f26|line_height:40px\u00a0\u00bb use_theme_fonts=\u00a0\u00bbyes\u00a0\u00bb css=\u00a0\u00bb%7B%22default%22%3A%7B%22font-weight%22%3A%22400%22%7D%7D\u00a0\u00bb]<div class=\"wpb_text_column us_custom_85abdf68\"><div class=\"wpb_wrapper\"><p style=\"text-align: left;\">Magnezik Radio est une web radio associative 100% musicale n\u00e9e au printemps 2014 dans le paysage culturel proven\u00e7al. Avec ses sens musicaux aiguis\u00e9s Magnezik propose une programmation originale et ouverte sur le monde afin de d\u00e9couvrir toujours plus de sons !<\/p>\n<\/div><\/div><\/div><\/div><\/div><div class=\"vc_col-sm-4 wpb_column vc_column_container\"><div class=\"vc_column-inner\"><div class=\"wpb_wrapper\"><\/div><\/div><\/div><\/div><\/div><\/div><\/div><\/div><\/div><\/section><section class=\"l-section wpb_row us_custom_e86c806a height_medium with_img\" id=\"contact\"><div class=\"l-section-img\" data-img-width=\"1920\" data-img-height=\"1100\" style=\"background-image: url(https:\/\/www.magnezik-radio.com\/wp-content\/uploads\/2024\/01\/y.jpg);\"><\/div><div class=\"l-section-overlay\" style=\"background:rgba(27,27,27,0.45)\"><\/div><div class=\"l-section-h i-cf\"><div class=\"g-cols vc_row via_flex valign_middle type_default stacking_default\"><div class=\"vc_col-sm-6 wpb_column vc_column_container\"><div class=\"vc_column-inner us_custom_8f7b07a9 us_animate_this\"><div class=\"wpb_wrapper\"><div class=\"w-image align_center\"><div class=\"w-image-h\"><img loading=\"lazy\" decoding=\"async\" width=\"400\" height=\"400\" src=\"https:\/\/www.magnezik-radio.com\/wp-content\/uploads\/2024\/01\/bot-contact-1.png\" class=\"attachment-us_400_0 size-us_400_0\" alt=\"\" srcset=\"https:\/\/www.magnezik-radio.com\/wp-content\/uploads\/2024\/01\/bot-contact-1.png 512w, https:\/\/www.magnezik-radio.com\/wp-content\/uploads\/2024\/01\/bot-contact-1-300x300.png 300w, https:\/\/www.magnezik-radio.com\/wp-content\/uploads\/2024\/01\/bot-contact-1-150x150.png 150w, https:\/\/www.magnezik-radio.com\/wp-content\/uploads\/2024\/01\/bot-contact-1-350x350.png 350w\" sizes=\"(max-width: 400px) 100vw, 400px\" \/><\/div><\/div><\/div><\/div><\/div><div class=\"vc_col-sm-6 wpb_column vc_column_container\"><div class=\"vc_column-inner us_custom_ff13c409 us_animate_this\"><div class=\"wpb_wrapper\">[vc_custom_heading text=\u00a0\u00bbNOUS CONTACTER\u00a0\u00bb font_container=\u00a0\u00bbtag:h2|font_size:40px|text_align:left|color:%23de1f26|line_height:40px\u00a0\u00bb use_theme_fonts=\u00a0\u00bbyes\u00a0\u00bb css=\u00a0\u00bb%7B%22default%22%3A%7B%22font-weight%22%3A%22400%22%7D%7D\u00a0\u00bb]<form class=\"w-form  layout_ver for_cform us_form_1\" autocomplete=\"off\" action=\"https:\/\/www.magnezik-radio.com\/index.php?rest_route=%2Fwp%2Fv2%2Fpages%2F5\" method=\"post\"><div class=\"w-form-h\"><div class=\"w-form-row for_text required with_icon cols_2\">\r\n\t\t<div class=\"w-form-row-field\">\r\n\t\t\t\t<i class=\"far fa-user\"><\/i>\t\t<input aria-label=\"Nom\" type=\"text\" name=\"us_form_1_text_1\" value placeholder=\"Nom *\" data-required=\"true\" aria-required=\"true\"\/>\r\n\t\t\t<\/div>\r\n\t\t<div class=\"w-form-row-state\">Vous devez remplir ce champ<\/div>\r\n<\/div>\r\n<div class=\"w-form-row for_text required with_icon cols_2\">\r\n\t\t<div class=\"w-form-row-field\">\r\n\t\t\t\t<i class=\"far fa-user\"><\/i>\t\t<input aria-label=\"Pr\u00e9nom\" type=\"text\" name=\"us_form_1_text_2\" value placeholder=\"Pr\u00e9nom *\" data-required=\"true\" aria-required=\"true\"\/>\r\n\t\t\t<\/div>\r\n\t\t<div class=\"w-form-row-state\">Vous devez remplir ce champ<\/div>\r\n<\/div>\r\n<div class=\"w-form-row for_text required with_icon cols_2\">\r\n\t\t<div class=\"w-form-row-field\">\r\n\t\t\t\t<i class=\"far fa-envelope\"><\/i>\t\t<input aria-label=\"E-mail\" type=\"text\" name=\"us_form_1_text_3\" value placeholder=\"E-mail *\" data-required=\"true\" aria-required=\"true\"\/>\r\n\t\t\t<\/div>\r\n\t\t<div class=\"w-form-row-state\">Vous devez remplir ce champ<\/div>\r\n<\/div>\r\n<div class=\"w-form-row for_text with_icon cols_2\">\r\n\t\t<div class=\"w-form-row-field\">\r\n\t\t\t\t<i class=\"far fa-phone\"><\/i>\t\t<input aria-label=\"T\u00e9l\u00e9phone\" type=\"text\" name=\"us_form_1_text_4\" value placeholder=\"T\u00e9l\u00e9phone\"\/>\r\n\t\t\t<\/div>\r\n\t\t<div class=\"w-form-row-state\">Vous devez remplir ce champ<\/div>\r\n<\/div>\r\n<div class=\"w-form-row for_textarea required with_icon\">\r\n\t\t<div class=\"w-form-row-field\">\r\n\t\t\t\t<i class=\"far fa-pencil\"><\/i>\t\t<textarea aria-label=\"Texte\" name=\"us_form_1_textarea_1\" placeholder=\"Texte *\" data-required=\"true\" aria-required=\"true\"><\/textarea>\r\n\t\t\t<\/div>\r\n\t\t<div class=\"w-form-row-state\">Vous devez remplir ce champ<\/div>\r\n<\/div>\r\n<div class=\"w-form-row for_captcha required cols_2\">\r\n\t<div class=\"w-form-row-label\">\r\n\t\t<span> <span>28 + 13 = ?<\/span><\/span>\r\n\t<\/div>\r\n\t<div class=\"w-form-row-field\">\r\n\t\t\t\t<input type=\"hidden\" name=\"us_form_1_captcha_1_hash\" value=\"789c8bd5461a78968b77069be2d6b3c3\" \/>\r\n\t\t\t\t<input aria-label=\"us_form_1_captcha_1\" type=\"text\" name=\"us_form_1_captcha_1\" placeholder data-required=\"true\" aria-required=\"true\"\/>\r\n\t\t\t<\/div>\r\n\t\t<div class=\"w-form-row-state\">Entrer le r\u00e9sultat de l'op\u00e9ration pour continuer<\/div>\r\n<\/div>\r\n<input type=\"hidden\" name=\"action\" value=\"us_ajax_cform\" \/>\r\n<input type=\"hidden\" name=\"post_id\" value=\"0\" \/>\r\n<input type=\"hidden\" name=\"form_index\" value=\"1\" \/>\r\n<div class=\"w-form-row for_submit  align_none\">\r\n\t<button class=\"w-btn  us-btn-style_1\" aria-label=\"ENVOYER\" type=\"submit\" style=\"font-size:px;\">\r\n\t\t<span class=\"g-preloader type_1\"><\/span>\r\n\t\t\t\t<span class=\"w-btn-label\">ENVOYER<\/span>\r\n\t\t\t<\/button>\r\n\t<\/div>\r\n<\/div><div class=\"w-form-message\"><\/div><div class=\"w-form-json hidden\" onclick='return {&quot;ajaxurl&quot;:&quot;https:\\\/\\\/www.magnezik-radio.com\\\/wp-admin\\\/admin-ajax.php&quot;,&quot;messages&quot;:{&quot;err_empty&quot;:&quot;Vous devez remplir ce champ&quot;,&quot;err_size&quot;:&quot;La taille du fichier ne peut pas d\\u00e9passer %s Mo&quot;,&quot;err_extension&quot;:&quot;Le type de fichier %s n&#039;est pas autoris\\u00e9&quot;}}'><\/div><\/form><\/div><\/div><\/div><\/div><\/div><\/section>\n","protected":false},"excerpt":{"rendered":"[rev_slider_vc alias=\"accueil\"]\ufeff [vc_custom_heading text=\"QUI SOMMES NOUS?\" font_container=\"tag:h2|font_size:40px|text_align:left|color:%23de1f26|line_height:40px\" use_theme_fonts=\"yes\" css=\"%7B%22default%22%3A%7B%22font-weight%22%3A%22400%22%7D%7D\"]Magnezik Radio est une web radio associative 100% musicale n\u00e9e au printemps 2014 dans le paysage culturel proven\u00e7al. Avec ses sens musicaux aiguis\u00e9s Magnezik propose une programmation originale et ouverte sur le monde afin de d\u00e9couvrir toujours plus de sons ! [vc_custom_heading text=\"NOUS CONTACTER\" font_container=\"tag:h2|font_size:40px|text_align:left|color:%23de1f26|line_height:40px\" use_theme_fonts=\"yes\" css=\"%7B%22default%22%3A%7B%22font-weight%22%3A%22400%22%7D%7D\"]...","protected":false},"author":1,"featured_media":0,"parent":0,"menu_order":0,"comment_status":"closed","ping_status":"closed","template":"","meta":{"footnotes":""},"class_list":["post-5","page","type-page","status-publish","hentry"],"_links":{"self":[{"href":"https:\/\/www.magnezik-radio.com\/index.php?rest_route=\/wp\/v2\/pages\/5"}],"collection":[{"href":"https:\/\/www.magnezik-radio.com\/index.php?rest_route=\/wp\/v2\/pages"}],"about":[{"href":"https:\/\/www.magnezik-radio.com\/index.php?rest_route=\/wp\/v2\/types\/page"}],"author":[{"embeddable":true,"href":"https:\/\/www.magnezik-radio.com\/index.php?rest_route=\/wp\/v2\/users\/1"}],"replies":[{"embeddable":true,"href":"https:\/\/www.magnezik-radio.com\/index.php?rest_route=%2Fwp%2Fv2%2Fcomments&post=5"}],"version-history":[{"count":18,"href":"https:\/\/www.magnezik-radio.com\/index.php?rest_route=\/wp\/v2\/pages\/5\/revisions"}],"predecessor-version":[{"id":86,"href":"https:\/\/www.magnezik-radio.com\/index.php?rest_route=\/wp\/v2\/pages\/5\/revisions\/86"}],"wp:attachment":[{"href":"https:\/\/www.magnezik-radio.com\/index.php?rest_route=%2Fwp%2Fv2%2Fmedia&parent=5"}],"curies":[{"name":"wp","href":"https:\/\/api.w.org\/{rel}","templated":true}]}}